{"id":2,"date":"2025-11-29T12:42:45","date_gmt":"2025-11-29T12:42:45","guid":{"rendered":"https:\/\/auntbattyknows.uk\/?page_id=2"},"modified":"2026-03-11T21:03:16","modified_gmt":"2026-03-11T21:03:16","slug":"sample-page","status":"publish","type":"page","link":"https:\/\/auntbattyknows.uk\/?page_id=2","title":{"rendered":"Upcoming Shows"},"content":{"rendered":"\n<p><strong>March<\/strong><\/p>\n\n\n\n<p><strong>Shakespeare North SCRATCH on Tuesday 24th March 7pm.<\/strong><\/p>\n\n\n\n<p>Join Aunt Batty Knows&#8230; as we give the wonderful Shakespeare North crowd in Prescot a preview of the show Tales From the Armchair.<\/p>\n\n\n\n<p>We can&#8217;t wait!<\/p>\n\n\n\n<h4 class=\"wp-block-heading\"><\/h4>\n\n\n\n<figure class=\"wp-block-image size-large\"><img loading=\"lazy\" decoding=\"async\" width=\"1024\" height=\"778\" src=\"https:\/\/auntbattyknows.uk\/wp-content\/uploads\/2026\/03\/DSC00022-bw-group-sm-1024x778.jpg\" alt=\"\" class=\"wp-image-53\" srcset=\"https:\/\/auntbattyknows.uk\/wp-content\/uploads\/2026\/03\/DSC00022-bw-group-sm-1024x778.jpg 1024w, https:\/\/auntbattyknows.uk\/wp-content\/uploads\/2026\/03\/DSC00022-bw-group-sm-300x228.jpg 300w, https:\/\/auntbattyknows.uk\/wp-content\/uploads\/2026\/03\/DSC00022-bw-group-sm-768x583.jpg 768w, https:\/\/auntbattyknows.uk\/wp-content\/uploads\/2026\/03\/DSC00022-bw-group-sm-1536x1167.jpg 1536w, https:\/\/auntbattyknows.uk\/wp-content\/uploads\/2026\/03\/DSC00022-bw-group-sm-2048x1556.jpg 2048w\" sizes=\"auto, (max-width: 1024px) 100vw, 1024px\" \/><\/figure>\n\n\n\n<p>About our show. Tales from the Armchair is an improvised show drawing inspiration from 1970s and 1980s TV such as Play For Today, Tales of the Unexpected, Hammer House of Horror and Armchair Thriller.<\/p>\n\n\n\n<p>Created by four women, the piece explores the strangeness of the ordinary \u2014 where relatable characters and situations meet eerie surrealism. Aunt Batty Knows\u2026 ask whether the uncanny lives inside the mind, outside it, or somewhere in between.<\/p>\n\n\n\n<p>Performers: Karen Hughes, Gemma Hurst, Su Jackson, Rosie \u0160o\u0161i\u0107<\/p>\n\n\n\n<p>Content warnings: May contain violence, death and images of horror.<\/p>\n\n\n\n<p>Tickets here <a href=\"https:\/\/shakespearenorthplayhouse.co.uk\/event\/scratch\/\">https:\/\/shakespearenorthplayhouse.co.uk\/event\/scratch\/<\/a><\/p>\n\n\n\n<p><\/p>\n\n\n\n<p><\/p>\n\n\n\n<p><strong>May<\/strong><\/p>\n\n\n\n<p><strong>Liverpool Improvisation Festival 2026<\/strong> <strong>Thursday 7th May 6pm<\/strong><\/p>\n\n\n\n<figure class=\"wp-block-image size-full\"><img loading=\"lazy\" decoding=\"async\" width=\"851\" height=\"315\" src=\"https:\/\/auntbattyknows.uk\/wp-content\/uploads\/2026\/02\/image.png\" alt=\"\" class=\"wp-image-41\" srcset=\"https:\/\/auntbattyknows.uk\/wp-content\/uploads\/2026\/02\/image.png 851w, https:\/\/auntbattyknows.uk\/wp-content\/uploads\/2026\/02\/image-300x111.png 300w, https:\/\/auntbattyknows.uk\/wp-content\/uploads\/2026\/02\/image-768x284.png 768w\" sizes=\"auto, (max-width: 851px) 100vw, 851px\" \/><\/figure>\n\n\n\n<figure class=\"wp-block-image size-large\"><img loading=\"lazy\" decoding=\"async\" width=\"719\" height=\"1024\" src=\"https:\/\/auntbattyknows.uk\/wp-content\/uploads\/2026\/03\/IMG_1419-Group-sm-719x1024.jpg\" alt=\"\" class=\"wp-image-58\" srcset=\"https:\/\/auntbattyknows.uk\/wp-content\/uploads\/2026\/03\/IMG_1419-Group-sm-719x1024.jpg 719w, https:\/\/auntbattyknows.uk\/wp-content\/uploads\/2026\/03\/IMG_1419-Group-sm-211x300.jpg 211w, https:\/\/auntbattyknows.uk\/wp-content\/uploads\/2026\/03\/IMG_1419-Group-sm-768x1093.jpg 768w, https:\/\/auntbattyknows.uk\/wp-content\/uploads\/2026\/03\/IMG_1419-Group-sm-1079x1536.jpg 1079w, https:\/\/auntbattyknows.uk\/wp-content\/uploads\/2026\/03\/IMG_1419-Group-sm.jpg 1245w\" sizes=\"auto, (max-width: 719px) 100vw, 719px\" \/><\/figure>\n\n\n\n<p>What a complete joy for Aunt Batty Knows&#8230; to be opening the 2026 Liverpool Improvisation Festival, otherwise know as LIF, with the official world premier of our show Tales From the Armchair. Home soil to embed the roots of this strange and beautiful piece of work.<\/p>\n\n\n\n<p><\/p>\n\n\n\n<p><em>Tempted to join us and see what happens in the end..?<\/em><\/p>\n\n\n\n<p>Tickets here: <a href=\"https:\/\/www.unitytheatreliverpool.co.uk\/whats-on\/thursday-triple-bill-lif-2026\/\">https:\/\/www.unitytheatreliverpool.co.uk\/whats-on\/thursday-triple-bill-lif-2026\/<\/a><\/p>\n\n\n\n<p><br><a href=\"https:\/\/www.acc360.co.uk\/unitytheatreliverpool-1602579988-liverpool-improvisation-festival-friday-saturday-festival-pass.html\" target=\"_blank\" rel=\"noreferrer noopener\">\u200b<\/a><\/p>\n\n\n\n<p><strong>September <\/strong><\/p>\n\n\n\n<p>Exciting news TBC<\/p>\n\n\n\n<p>(keep &#8217;em peeled) <\/p>\n\n\n\n<p><\/p>\n","protected":false},"excerpt":{"rendered":"<p>March Shakespeare North SCRATCH on Tuesday 24th March 7pm. Join Aunt Batty Knows&#8230; as we give the wonderful Shakespeare North crowd in Prescot a preview of the show Tales From the Armchair. We can&#8217;t wait! About our show. Tales from the Armchair is an improvised show drawing inspiration from 1970s and 1980s TV such as [&hellip;]<\/p>\n","protected":false},"author":1,"featured_media":0,"parent":0,"menu_order":0,"comment_status":"closed","ping_status":"open","template":"","meta":{"footnotes":""},"class_list":["post-2","page","type-page","status-publish","hentry"],"_links":{"self":[{"href":"https:\/\/auntbattyknows.uk\/index.php?rest_route=\/wp\/v2\/pages\/2","targetHints":{"allow":["GET"]}}],"collection":[{"href":"https:\/\/auntbattyknows.uk\/index.php?rest_route=\/wp\/v2\/pages"}],"about":[{"href":"https:\/\/auntbattyknows.uk\/index.php?rest_route=\/wp\/v2\/types\/page"}],"author":[{"embeddable":true,"href":"https:\/\/auntbattyknows.uk\/index.php?rest_route=\/wp\/v2\/users\/1"}],"replies":[{"embeddable":true,"href":"https:\/\/auntbattyknows.uk\/index.php?rest_route=%2Fwp%2Fv2%2Fcomments&post=2"}],"version-history":[{"count":5,"href":"https:\/\/auntbattyknows.uk\/index.php?rest_route=\/wp\/v2\/pages\/2\/revisions"}],"predecessor-version":[{"id":67,"href":"https:\/\/auntbattyknows.uk\/index.php?rest_route=\/wp\/v2\/pages\/2\/revisions\/67"}],"wp:attachment":[{"href":"https:\/\/auntbattyknows.uk\/index.php?rest_route=%2Fwp%2Fv2%2Fmedia&parent=2"}],"curies":[{"name":"wp","href":"https:\/\/api.w.org\/{rel}","templated":true}]}}